{"id":43580,"date":"2024-12-09T18:23:39","date_gmt":"2024-12-09T18:23:39","guid":{"rendered":"https:\/\/www.astrak.agency\/live-backup\/?page_id=43580"},"modified":"2026-02-06T04:54:52","modified_gmt":"2026-02-06T04:54:52","slug":"contact","status":"publish","type":"page","link":"https:\/\/www.astrak.agency\/live-backup\/contact\/","title":{"rendered":"Nous Contacter"},"content":{"rendered":"\n<div class=\"wp-block-columns is-layout-flex wp-container-core-columns-is-layout-9d6595d7 wp-block-columns-is-layout-flex\">\n<div class=\"wp-block-column is-layout-flow wp-block-column-is-layout-flow\">\n<h2 class=\"wp-block-heading\">Construisons ensemble votre strat\u00e9gie SEO<\/h2>\n\n\n\n<p>Besoin d\u2019une strat\u00e9gie SEO sur mesure ou d\u2019un accompagnement pour maximiser votre visibilit\u00e9 en ligne ? <\/p>\n\n\n\n<p>Nous sommes l\u00e0 pour r\u00e9pondre \u00e0 vos besoins et transformer vos objectifs en r\u00e9sultats concrets. <\/p>\n\n\n\n<p>Que ce soit pour un audit, une consultation ou un projet complet, notre \u00e9quipe d\u2019experts est pr\u00eate \u00e0 vous guider. <strong>Contactez-nous d\u00e8s aujourd\u2019hui et discutons de votre projet !<\/strong><\/p>\n\n\n\n<div class=\"wp-block-buttons is-content-justification-center is-layout-flex wp-container-core-buttons-is-layout-16018d1d wp-block-buttons-is-layout-flex\">\n<div class=\"wp-block-button\"><a class=\"wp-block-button__link has-text-color has-background has-link-color wp-element-button\" href=\"https:\/\/calendar.google.com\/calendar\/u\/0\/appointments\/schedules\/AcZssZ3lUCtiCbdpZMtpdO0dg1Jk29H5zIa9dXjbpkCFNZiA0xGwtIjZBR1_MzbsuGKTgEDlb2Xos4CK\" style=\"color:#102d28;background-color:#a8d3c4\"><strong>R\u00e9server un appel avec l&rsquo;agence<\/strong><\/a><\/div>\n<\/div>\n\n\n\n<p><\/p>\n\n\n\n<p>Contact : poitevinleo@gmail.com<\/p>\n<\/div>\n\n\n\n<div class=\"wp-block-column is-layout-flow wp-block-column-is-layout-flow\"><div class=\"wpforms-container wpforms-container-full wpforms-block wpforms-block-7eedc270-f88c-4f07-88e7-9ab8c4a3b670\" id=\"wpforms-2434\"><form id=\"wpforms-form-2434\" class=\"wpforms-validate wpforms-form wpforms-ajax-form\" data-formid=\"2434\" method=\"post\" enctype=\"multipart\/form-data\" action=\"\/live-backup\/wp-json\/wp\/v2\/pages\/43580\" data-token=\"356fb687573e9bcf7f6bcf4ecdfac2cc\" data-token-time=\"1777418727\"><noscript class=\"wpforms-error-noscript\">Veuillez activer JavaScript dans votre navigateur pour remplir ce formulaire.<\/noscript><div class=\"wpforms-field-container\"><div id=\"wpforms-2434-field_0-container\" class=\"wpforms-field wpforms-field-name\" data-field-id=\"0\"><label class=\"wpforms-field-label\">Nom <span class=\"wpforms-required-label\">*<\/span><\/label><div class=\"wpforms-field-row wpforms-field-large\"><div class=\"wpforms-field-row-block wpforms-first wpforms-one-half\"><input type=\"text\" id=\"wpforms-2434-field_0\" class=\"wpforms-field-name-first wpforms-field-required\" name=\"wpforms[fields][0][first]\" required><label for=\"wpforms-2434-field_0\" class=\"wpforms-field-sublabel after\">Pr\u00e9nom<\/label><\/div><div class=\"wpforms-field-row-block wpforms-one-half\"><input type=\"text\" id=\"wpforms-2434-field_0-last\" class=\"wpforms-field-name-last wpforms-field-required\" name=\"wpforms[fields][0][last]\" required><label for=\"wpforms-2434-field_0-last\" class=\"wpforms-field-sublabel after\">Nom<\/label><\/div><\/div><\/div>\t\t<div id=\"wpforms-2434-field_3-container\"\n\t\t\tclass=\"wpforms-field wpforms-field-text\"\n\t\t\tdata-field-type=\"text\"\n\t\t\tdata-field-id=\"3\"\n\t\t\t>\n\t\t\t<label class=\"wpforms-field-label\" for=\"wpforms-2434-field_3\" >Email web Site<\/label>\n\t\t\t<input type=\"text\" id=\"wpforms-2434-field_3\" class=\"wpforms-field-medium\" name=\"wpforms[fields][3]\" >\n\t\t<\/div>\n\t\t<div id=\"wpforms-2434-field_1-container\" class=\"wpforms-field wpforms-field-email\" data-field-id=\"1\"><label class=\"wpforms-field-label\" for=\"wpforms-2434-field_1\">Email <span class=\"wpforms-required-label\">*<\/span><\/label><input type=\"email\" id=\"wpforms-2434-field_1\" class=\"wpforms-field-large wpforms-field-required\" name=\"wpforms[fields][1]\" spellcheck=\"false\" required><\/div><div id=\"wpforms-2434-field_4-container\" class=\"wpforms-field wpforms-field-text wpforms-one-half wpforms-first\" data-field-id=\"4\"><label class=\"wpforms-field-label\" for=\"wpforms-2434-field_4\">Site web<\/label><input type=\"text\" id=\"wpforms-2434-field_4\" class=\"wpforms-field-medium\" name=\"wpforms[fields][4]\" ><\/div><div id=\"wpforms-2434-field_5-container\" class=\"wpforms-field wpforms-field-number wpforms-one-half\" data-field-id=\"5\"><label class=\"wpforms-field-label\" for=\"wpforms-2434-field_5\">Budget mensuel<\/label><input type=\"number\" id=\"wpforms-2434-field_5\" class=\"wpforms-field-medium\" name=\"wpforms[fields][5]\" value=\"1600\u20ac\" step=\"any\" ><\/div><div id=\"wpforms-2434-field_2-container\" class=\"wpforms-field wpforms-field-textarea\" data-field-id=\"2\"><label class=\"wpforms-field-label\" for=\"wpforms-2434-field_2\">Message <span class=\"wpforms-required-label\">*<\/span><\/label><textarea id=\"wpforms-2434-field_2\" class=\"wpforms-field-medium wpforms-field-required\" name=\"wpforms[fields][2]\" required><\/textarea><\/div><script>\n\t\t\t\t( function() {\n\t\t\t\t\tconst style = document.createElement( 'style' );\n\t\t\t\t\tstyle.appendChild( document.createTextNode( '#wpforms-2434-field_3-container { position: absolute !important; overflow: hidden !important; display: inline !important; height: 1px !important; width: 1px !important; z-index: -1000 !important; padding: 0 !important; } #wpforms-2434-field_3-container input { visibility: hidden; } #wpforms-conversational-form-page #wpforms-2434-field_3-container label { counter-increment: none; }' ) );\n\t\t\t\t\tdocument.head.appendChild( style );\n\t\t\t\t\tdocument.currentScript?.remove();\n\t\t\t\t} )();\n\t\t\t<\/script><\/div><!-- .wpforms-field-container --><div class=\"wpforms-submit-container\" ><input type=\"hidden\" name=\"wpforms[id]\" value=\"2434\"><input type=\"hidden\" name=\"page_title\" value=\"\"><input type=\"hidden\" name=\"page_url\" value=\"https:\/\/www.astrak.agency\/live-backup\/wp-json\/wp\/v2\/pages\/43580\"><input type=\"hidden\" name=\"url_referer\" value=\"\"><button type=\"submit\" name=\"wpforms[submit]\" id=\"wpforms-submit-2434\" class=\"wpforms-submit\" data-alt-text=\"Sending...\" data-submit-text=\"ENVOYER\" aria-live=\"assertive\" value=\"wpforms-submit\">ENVOYER<\/button><img decoding=\"async\" data-src=\"https:\/\/www.astrak.agency\/live-backup\/wp-content\/plugins\/wpforms-lite\/assets\/images\/submit-spin.svg\" class=\"wpforms-submit-spinner lazyload\" style=\"--smush-placeholder-width: 26px; --smush-placeholder-aspect-ratio: 26\/26;display: none;\" width=\"26\" height=\"26\" alt=\"Chargement en cours\" src=\"data:image\/svg+xml;base64,PHN2ZyB3aWR0aD0iMSIgaGVpZ2h0PSIxIiB4bWxucz0iaHR0cDovL3d3dy53My5vcmcvMjAwMC9zdmciPjwvc3ZnPg==\"><\/div><\/form><\/div>  <!-- .wpforms-container --><\/div>\n<\/div>\n","protected":false},"excerpt":{"rendered":"<p>Construisons ensemble votre strat\u00e9gie SEO Besoin d\u2019une strat\u00e9gie SEO sur mesure ou d\u2019un accompagnement pour maximiser votre visibilit\u00e9 en ligne ? Nous sommes l\u00e0 pour &#8230; <a title=\"Nous Contacter\" class=\"read-more\" href=\"https:\/\/www.astrak.agency\/live-backup\/contact\/\" aria-label=\"En savoir plus sur Nous Contacter\">Lire la suite<\/a><\/p>\n","protected":false},"author":3,"featured_media":0,"parent":0,"menu_order":0,"comment_status":"closed","ping_status":"closed","template":"","meta":{"content-type":"","_lmt_disableupdate":"no","_lmt_disable":"","footnotes":""},"class_list":["post-43580","page","type-page","status-publish"],"yoast_head":"<!-- This site is optimized with the Yoast SEO plugin v26.9 - https:\/\/yoast.com\/product\/yoast-seo-wordpress\/ -->\n<title>Nous Contacter - Astrak<\/title>\n<meta name=\"robots\" content=\"noindex, follow, max-snippet:-1, max-image-preview:large, max-video-preview:-1\" \/>\n<meta property=\"og:locale\" content=\"fr_FR\" \/>\n<meta property=\"og:type\" content=\"article\" \/>\n<meta property=\"og:title\" content=\"Nous Contacter - Astrak\" \/>\n<meta property=\"og:description\" content=\"Construisons ensemble votre strat\u00e9gie SEO Besoin d\u2019une strat\u00e9gie SEO sur mesure ou d\u2019un accompagnement pour maximiser votre visibilit\u00e9 en ligne ? Nous sommes l\u00e0 pour ... Lire la suite\" \/>\n<meta property=\"og:url\" content=\"https:\/\/www.astrak.agency\/live-backup\/contact\/\" \/>\n<meta property=\"og:site_name\" content=\"Astrak\" \/>\n<meta property=\"article:modified_time\" content=\"2026-02-06T04:54:52+00:00\" \/>\n<meta property=\"og:image\" content=\"https:\/\/www.astrak.agency\/live-backup\/wp-content\/uploads\/2025\/05\/Logo_Noir.png\" \/>\n\t<meta property=\"og:image:width\" content=\"1357\" \/>\n\t<meta property=\"og:image:height\" content=\"246\" \/>\n\t<meta property=\"og:image:type\" content=\"image\/png\" \/>\n<meta name=\"twitter:card\" content=\"summary_large_image\" \/>\n<meta name=\"twitter:label1\" content=\"Dur\u00e9e de lecture estim\u00e9e\" \/>\n\t<meta name=\"twitter:data1\" content=\"1 minute\" \/>\n<script type=\"application\/ld+json\" class=\"yoast-schema-graph\">{\"@context\":\"https:\/\/schema.org\",\"@graph\":[{\"@type\":\"WebPage\",\"@id\":\"https:\/\/www.astrak.agency\/live-backup\/contact\/\",\"url\":\"https:\/\/www.astrak.agency\/live-backup\/contact\/\",\"name\":\"Nous Contacter - Astrak\",\"isPartOf\":{\"@id\":\"https:\/\/www.astrak.agency\/live-backup\/#website\"},\"datePublished\":\"2024-12-09T18:23:39+00:00\",\"dateModified\":\"2026-02-06T04:54:52+00:00\",\"breadcrumb\":{\"@id\":\"https:\/\/www.astrak.agency\/live-backup\/contact\/#breadcrumb\"},\"inLanguage\":\"fr-FR\",\"potentialAction\":[{\"@type\":\"ReadAction\",\"target\":[\"https:\/\/www.astrak.agency\/live-backup\/contact\/\"]}]},{\"@type\":\"BreadcrumbList\",\"@id\":\"https:\/\/www.astrak.agency\/live-backup\/contact\/#breadcrumb\",\"itemListElement\":[{\"@type\":\"ListItem\",\"position\":1,\"name\":\"Agence SEO\",\"item\":\"https:\/\/www.astrak.agency\/live-backup\/\"},{\"@type\":\"ListItem\",\"position\":2,\"name\":\"Nous Contacter\"}]},{\"@type\":\"WebSite\",\"@id\":\"https:\/\/www.astrak.agency\/live-backup\/#website\",\"url\":\"https:\/\/www.astrak.agency\/live-backup\/\",\"name\":\"Astrak\",\"description\":\"On va acc\u00e9l\u00e9rer votre SEO\",\"publisher\":{\"@id\":\"https:\/\/www.astrak.agency\/live-backup\/#organization\"},\"alternateName\":\"Astrak SEO\",\"potentialAction\":[{\"@type\":\"SearchAction\",\"target\":{\"@type\":\"EntryPoint\",\"urlTemplate\":\"https:\/\/www.astrak.agency\/live-backup\/?s={search_term_string}\"},\"query-input\":{\"@type\":\"PropertyValueSpecification\",\"valueRequired\":true,\"valueName\":\"search_term_string\"}}],\"inLanguage\":\"fr-FR\"},{\"@type\":\"Organization\",\"@id\":\"https:\/\/www.astrak.agency\/live-backup\/#organization\",\"name\":\"Astrak\",\"alternateName\":\"Astrak Agency\",\"url\":\"https:\/\/www.astrak.agency\/live-backup\/\",\"logo\":{\"@type\":\"ImageObject\",\"inLanguage\":\"fr-FR\",\"@id\":\"https:\/\/www.astrak.agency\/live-backup\/#\/schema\/logo\/image\/\",\"url\":\"https:\/\/www.astrak.agency\/live-backup\/wp-content\/uploads\/2025\/05\/cropped-cropped-Logo_FlecheJaune.png\",\"contentUrl\":\"https:\/\/www.astrak.agency\/live-backup\/wp-content\/uploads\/2025\/05\/cropped-cropped-Logo_FlecheJaune.png\",\"width\":1357,\"height\":246,\"caption\":\"Astrak\"},\"image\":{\"@id\":\"https:\/\/www.astrak.agency\/live-backup\/#\/schema\/logo\/image\/\"},\"sameAs\":[\"https:\/\/www.instagram.com\/astrakagency\/\",\"https:\/\/www.linkedin.com\/company\/astrak-legoax\/\"]}]}<\/script>\n<!-- \/ Yoast SEO plugin. -->","yoast_head_json":{"title":"Nous Contacter - Astrak","robots":{"index":"noindex","follow":"follow","max-snippet":"max-snippet:-1","max-image-preview":"max-image-preview:large","max-video-preview":"max-video-preview:-1"},"og_locale":"fr_FR","og_type":"article","og_title":"Nous Contacter - Astrak","og_description":"Construisons ensemble votre strat\u00e9gie SEO Besoin d\u2019une strat\u00e9gie SEO sur mesure ou d\u2019un accompagnement pour maximiser votre visibilit\u00e9 en ligne ? Nous sommes l\u00e0 pour ... Lire la suite","og_url":"https:\/\/www.astrak.agency\/live-backup\/contact\/","og_site_name":"Astrak","article_modified_time":"2026-02-06T04:54:52+00:00","og_image":[{"width":1357,"height":246,"url":"https:\/\/www.astrak.agency\/live-backup\/wp-content\/uploads\/2025\/05\/Logo_Noir.png","type":"image\/png"}],"twitter_card":"summary_large_image","twitter_misc":{"Dur\u00e9e de lecture estim\u00e9e":"1 minute"},"schema":{"@context":"https:\/\/schema.org","@graph":[{"@type":"WebPage","@id":"https:\/\/www.astrak.agency\/live-backup\/contact\/","url":"https:\/\/www.astrak.agency\/live-backup\/contact\/","name":"Nous Contacter - Astrak","isPartOf":{"@id":"https:\/\/www.astrak.agency\/live-backup\/#website"},"datePublished":"2024-12-09T18:23:39+00:00","dateModified":"2026-02-06T04:54:52+00:00","breadcrumb":{"@id":"https:\/\/www.astrak.agency\/live-backup\/contact\/#breadcrumb"},"inLanguage":"fr-FR","potentialAction":[{"@type":"ReadAction","target":["https:\/\/www.astrak.agency\/live-backup\/contact\/"]}]},{"@type":"BreadcrumbList","@id":"https:\/\/www.astrak.agency\/live-backup\/contact\/#breadcrumb","itemListElement":[{"@type":"ListItem","position":1,"name":"Agence SEO","item":"https:\/\/www.astrak.agency\/live-backup\/"},{"@type":"ListItem","position":2,"name":"Nous Contacter"}]},{"@type":"WebSite","@id":"https:\/\/www.astrak.agency\/live-backup\/#website","url":"https:\/\/www.astrak.agency\/live-backup\/","name":"Astrak","description":"On va acc\u00e9l\u00e9rer votre SEO","publisher":{"@id":"https:\/\/www.astrak.agency\/live-backup\/#organization"},"alternateName":"Astrak SEO","potentialAction":[{"@type":"SearchAction","target":{"@type":"EntryPoint","urlTemplate":"https:\/\/www.astrak.agency\/live-backup\/?s={search_term_string}"},"query-input":{"@type":"PropertyValueSpecification","valueRequired":true,"valueName":"search_term_string"}}],"inLanguage":"fr-FR"},{"@type":"Organization","@id":"https:\/\/www.astrak.agency\/live-backup\/#organization","name":"Astrak","alternateName":"Astrak Agency","url":"https:\/\/www.astrak.agency\/live-backup\/","logo":{"@type":"ImageObject","inLanguage":"fr-FR","@id":"https:\/\/www.astrak.agency\/live-backup\/#\/schema\/logo\/image\/","url":"https:\/\/www.astrak.agency\/live-backup\/wp-content\/uploads\/2025\/05\/cropped-cropped-Logo_FlecheJaune.png","contentUrl":"https:\/\/www.astrak.agency\/live-backup\/wp-content\/uploads\/2025\/05\/cropped-cropped-Logo_FlecheJaune.png","width":1357,"height":246,"caption":"Astrak"},"image":{"@id":"https:\/\/www.astrak.agency\/live-backup\/#\/schema\/logo\/image\/"},"sameAs":["https:\/\/www.instagram.com\/astrakagency\/","https:\/\/www.linkedin.com\/company\/astrak-legoax\/"]}]}},"_links":{"self":[{"href":"https:\/\/www.astrak.agency\/live-backup\/wp-json\/wp\/v2\/pages\/43580","targetHints":{"allow":["GET"]}}],"collection":[{"href":"https:\/\/www.astrak.agency\/live-backup\/wp-json\/wp\/v2\/pages"}],"about":[{"href":"https:\/\/www.astrak.agency\/live-backup\/wp-json\/wp\/v2\/types\/page"}],"author":[{"embeddable":true,"href":"https:\/\/www.astrak.agency\/live-backup\/wp-json\/wp\/v2\/users\/3"}],"replies":[{"embeddable":true,"href":"https:\/\/www.astrak.agency\/live-backup\/wp-json\/wp\/v2\/comments?post=43580"}],"version-history":[{"count":1,"href":"https:\/\/www.astrak.agency\/live-backup\/wp-json\/wp\/v2\/pages\/43580\/revisions"}],"predecessor-version":[{"id":45443,"href":"https:\/\/www.astrak.agency\/live-backup\/wp-json\/wp\/v2\/pages\/43580\/revisions\/45443"}],"wp:attachment":[{"href":"https:\/\/www.astrak.agency\/live-backup\/wp-json\/wp\/v2\/media?parent=43580"}],"curies":[{"name":"wp","href":"https:\/\/api.w.org\/{rel}","templated":true}]}}